{"id":2252,"date":"2025-09-22T21:09:16","date_gmt":"2025-09-22T21:09:16","guid":{"rendered":"https:\/\/aperyder.nl\/gibbon\/"},"modified":"2025-09-23T13:56:05","modified_gmt":"2025-09-23T13:56:05","slug":"gibbon","status":"publish","type":"page","link":"https:\/\/aperyder.nl\/tr\/gibbon\/","title":{"rendered":"Gibbon"},"content":{"rendered":"\t\t<div data-elementor-type=\"wp-page\" data-elementor-id=\"2252\" class=\"elementor elementor-2252 elementor-1649\" data-elementor-post-type=\"page\">\n\t\t\t\t<div class=\"elementor-element elementor-element-c971c86 e-flex e-con-boxed e-con e-parent\" data-id=\"c971c86\" data-element_type=\"container\" data-e-type=\"container\" data-settings=\"{&quot;background_background&quot;:&quot;classic&quot;}\">\n\t\t\t\t\t<div class=\"e-con-inner\">\n\t\t\t\t<div class=\"elementor-element elementor-element-1c446b7 elementor-widget elementor-widget-heading\" data-id=\"1c446b7\" data-element_type=\"widget\" data-e-type=\"widget\" data-widget_type=\"heading.default\">\n\t\t\t\t\t<h2 class=\"elementor-heading-title elementor-size-default\">Gibbon<\/h2>\t\t\t\t<\/div>\n\t\t\t\t<div class=\"elementor-element elementor-element-44973b2 elementor-widget elementor-widget-text-editor\" data-id=\"44973b2\" data-element_type=\"widget\" data-e-type=\"widget\" data-widget_type=\"text-editor.default\">\n\t\t\t\t\t\t\t\t\tGibbon, kolayl\u0131k ve konforu bir araya getiriyor. \u00c7ift ki\u015filik sele ve \u00e7ift s\u00fcspansiyonlu bir giri\u015f seviyesi bisiklet olarak tasarlanan bu model, g\u00fcnl\u00fck i\u015fe gidi\u015f geli\u015fler, market al\u0131\u015fveri\u015fleri, keyifli s\u00fcr\u00fc\u015fler veya k\u00fc\u00e7\u00fck maceralar i\u00e7in m\u00fckemmel. Gibbon,\n sadelik ve i\u015flevselli\u011fi temsil ediyor,<br>bu da onu konforlu\nve g\u00fcvenilir bir g\u00fcnl\u00fck bisiklet arayan her seviyeden bisiklet\u00e7i i\u00e7in ideal bir se\u00e7im haline getiriyor.  \t\t\t\t\t\t\t\t<\/div>\n\t\t\t\t\t<\/div>\n\t\t\t\t<\/div>\n\t\t<div class=\"elementor-element elementor-element-097d90d e-flex e-con-boxed e-con e-parent\" data-id=\"097d90d\" data-element_type=\"container\" data-e-type=\"container\">\n\t\t\t\t\t<div class=\"e-con-inner\">\n\t\t\t\t<div class=\"elementor-element elementor-element-c644f9e elementor-widget elementor-widget-progression-projects-post-list\" data-id=\"c644f9e\" data-element_type=\"widget\" data-e-type=\"widget\" data-widget_type=\"progression-projects-post-list.default\">\n\t\t\t\t<div class=\"elementor-widget-container\">\n\t\t\t\t\t\t\n\n\t\n\t<div class=\"progression-studios-elementor-video-post-container\">\n        \n        \n\t\t        \n        \n        \n\t\t<div class=\"progression-masonry-margins\">\n\t\t\t<div id=\"progression-video-index-masonry-c644f9e\">\n\t\t\t\t\t\t\t<\/div><!-- close #progression-video-index-masonry-c644f9e  -->\n\t\t<\/div><!-- close .progression-masonry-margins -->\n        \n\t\t<div class=\"clearfix-pro\"><\/div>\n\t\t\n\t\t\t\t\n\t\t\t\t<div class=\"shuma-progression-pagination-elementor\">\n\t\t\t\t\t\t\t\t\t<\/div>\n                \n                \n                \n    \t<div class=\"clearfix-pro\"><\/div>\n\t\t\n\t<\/div><!-- close .progression-studios-elementor-video-post-container -->\n\t\n    \n\t<script type=\"text\/javascript\">\n\tjQuery(document).ready(function($) {\n\t\t'use strict';\n\t\t\n\t\t\/* Default Isotope Load Code *\/\n\t\tvar $containerc644f9e = $(\"#progression-video-index-masonry-c644f9e\").isotope();\n\t\t$containerc644f9e.imagesLoaded( function() {\n\t\t\t$(\".progression-masonry-item\").addClass(\"opacity-progression\");\n\t\t\t$containerc644f9e.isotope({\n\t\t\t\titemSelector: \"#progression-video-index-masonry-c644f9e .progression-masonry-item\",\t\t\t\t\n\t\t\t\tpercentPosition: true,\n\t\t\t\tlayoutMode: \"fitRows\" \n\t \t\t});\n\t\t});\n\t\t\/* END Default Isotope Code *\/\n\t\t\n\n\t\t\n\t\t\n\t});\n\t<\/script>\n    \n\t\n\n\t\t\n\n    \t\t\t\t\t<\/div>\n\t\t\t\t<\/div>\n\t\t\t\t\t<\/div>\n\t\t\t\t<\/div>\n\t\t\t\t<\/div>\n\t\t","protected":false},"excerpt":{"rendered":"<p>Gibbon Gibbon, kolayl\u0131k ve konforu bir araya getiriyor. \u00c7ift ki\u015filik sele ve \u00e7ift s\u00fcspansiyonlu bir giri\u015f seviyesi bisiklet olarak tasarlanan bu model, g\u00fcnl\u00fck i\u015fe gidi\u015f geli\u015fler, market al\u0131\u015fveri\u015fleri, keyifli s\u00fcr\u00fc\u015fler veya k\u00fc\u00e7\u00fck maceralar i\u00e7in m\u00fckemmel. Gibbon, sadelik ve i\u015flevselli\u011fi temsil ediyor,bu da onu konforlu ve g\u00fcvenilir bir g\u00fcnl\u00fck bisiklet arayan her seviyeden bisiklet\u00e7i i\u00e7in ideal [&hellip;]<\/p>\n","protected":false},"author":1,"featured_media":0,"parent":0,"menu_order":0,"comment_status":"closed","ping_status":"closed","template":"elementor_header_footer","meta":{"footnotes":""},"class_list":["post-2252","page","type-page","status-publish","hentry"],"_links":{"self":[{"href":"https:\/\/aperyder.nl\/tr\/wp-json\/wp\/v2\/pages\/2252","targetHints":{"allow":["GET"]}}],"collection":[{"href":"https:\/\/aperyder.nl\/tr\/wp-json\/wp\/v2\/pages"}],"about":[{"href":"https:\/\/aperyder.nl\/tr\/wp-json\/wp\/v2\/types\/page"}],"author":[{"embeddable":true,"href":"https:\/\/aperyder.nl\/tr\/wp-json\/wp\/v2\/users\/1"}],"replies":[{"embeddable":true,"href":"https:\/\/aperyder.nl\/tr\/wp-json\/wp\/v2\/comments?post=2252"}],"version-history":[{"count":1,"href":"https:\/\/aperyder.nl\/tr\/wp-json\/wp\/v2\/pages\/2252\/revisions"}],"predecessor-version":[{"id":2254,"href":"https:\/\/aperyder.nl\/tr\/wp-json\/wp\/v2\/pages\/2252\/revisions\/2254"}],"wp:attachment":[{"href":"https:\/\/aperyder.nl\/tr\/wp-json\/wp\/v2\/media?parent=2252"}],"curies":[{"name":"wp","href":"https:\/\/api.w.org\/{rel}","templated":true}]}}