{"id":2243,"date":"2025-09-22T21:13:06","date_gmt":"2025-09-22T21:13:06","guid":{"rendered":"https:\/\/aperyder.nl\/baboon\/"},"modified":"2025-09-23T13:55:58","modified_gmt":"2025-09-23T13:55:58","slug":"baboon","status":"publish","type":"page","link":"https:\/\/aperyder.nl\/tr\/baboon\/","title":{"rendered":"Baboon"},"content":{"rendered":"\t\t<div data-elementor-type=\"wp-page\" data-elementor-id=\"2243\" class=\"elementor elementor-2243 elementor-1655\" data-elementor-post-type=\"page\">\n\t\t\t\t<div class=\"elementor-element elementor-element-1d9fc09 e-flex e-con-boxed e-con e-parent\" data-id=\"1d9fc09\" data-element_type=\"container\" data-e-type=\"container\" data-settings=\"{&quot;background_background&quot;:&quot;classic&quot;}\">\n\t\t\t\t\t<div class=\"e-con-inner\">\n\t\t\t\t<div class=\"elementor-element elementor-element-b442012 elementor-widget elementor-widget-heading\" data-id=\"b442012\" data-element_type=\"widget\" data-e-type=\"widget\" data-widget_type=\"heading.default\">\n\t\t\t\t\t<h2 class=\"elementor-heading-title elementor-size-default\">Baboon<\/h2>\t\t\t\t<\/div>\n\t\t\t\t<div class=\"elementor-element elementor-element-95152c7 elementor-widget elementor-widget-text-editor\" data-id=\"95152c7\" data-element_type=\"widget\" data-e-type=\"widget\" data-widget_type=\"text-editor.default\">\n\t\t\t\t\t\t\t\t\tApe Ryder&#8217;\u0131n yepyeni arazi e-bisiklet serisi Baboon ile unutulmaz bir maceraya haz\u0131rlan!<br>Hem heyecan arayanlar hem de do\u011fa severler i\u00e7in tasarlanan Baboon, sa\u011flam dayan\u0131kl\u0131l\u0131\u011f\u0131 geli\u015fmi\u015f\nteknolojiyle birle\u015ftiriyor.<br> \u0130ster dik da\u011f patikalar\u0131n\u0131 a\u015f, ister kumsal boyunca s\u00fcr ya da\n\u015fehirde dola\u015f, bu \u00e7ok y\u00f6nl\u00fc e-bisiklet her \u015feye dayanacak \u015fekilde \u00fcretildi.<br> G\u00fc\u00e7l\u00fc motoru ve sa\u011flam \u00f6zellikleriyle\nBaboon, a\u00e7\u0131k hava deneyimlerini bir \u00fcst seviyeye ta\u015f\u0131may\u0131<br> ve seni hep hayal etti\u011fin yerlere g\u00f6t\u00fcrmeyi vadediyor.\t\t\t\t\t\t\t\t<\/div>\n\t\t\t\t\t<\/div>\n\t\t\t\t<\/div>\n\t\t<div class=\"elementor-element elementor-element-e3c8e38 e-flex e-con-boxed e-con e-parent\" data-id=\"e3c8e38\" data-element_type=\"container\" data-e-type=\"container\">\n\t\t\t\t\t<div class=\"e-con-inner\">\n\t\t\t\t<div class=\"elementor-element elementor-element-0667a20 elementor-widget elementor-widget-progression-projects-post-list\" data-id=\"0667a20\" data-element_type=\"widget\" data-e-type=\"widget\" data-widget_type=\"progression-projects-post-list.default\">\n\t\t\t\t<div class=\"elementor-widget-container\">\n\t\t\t\t\t\t\n\n\t\n\t<div class=\"progression-studios-elementor-video-post-container\">\n        \n        \n\t\t        \n        \n        \n\t\t<div class=\"progression-masonry-margins\">\n\t\t\t<div id=\"progression-video-index-masonry-0667a20\">\n\t\t\t\t\t\t\t<\/div><!-- close #progression-video-index-masonry-0667a20  -->\n\t\t<\/div><!-- close .progression-masonry-margins -->\n        \n\t\t<div class=\"clearfix-pro\"><\/div>\n\t\t\n\t\t\t\t\n\t\t\t\t<div class=\"shuma-progression-pagination-elementor\">\n\t\t\t\t\t\t\t\t\t<\/div>\n                \n                \n                \n    \t<div class=\"clearfix-pro\"><\/div>\n\t\t\n\t<\/div><!-- close .progression-studios-elementor-video-post-container -->\n\t\n    \n\t<script type=\"text\/javascript\">\n\tjQuery(document).ready(function($) {\n\t\t'use strict';\n\t\t\n\t\t\/* Default Isotope Load Code *\/\n\t\tvar $container0667a20 = $(\"#progression-video-index-masonry-0667a20\").isotope();\n\t\t$container0667a20.imagesLoaded( function() {\n\t\t\t$(\".progression-masonry-item\").addClass(\"opacity-progression\");\n\t\t\t$container0667a20.isotope({\n\t\t\t\titemSelector: \"#progression-video-index-masonry-0667a20 .progression-masonry-item\",\t\t\t\t\n\t\t\t\tpercentPosition: true,\n\t\t\t\tlayoutMode: \"fitRows\" \n\t \t\t});\n\t\t});\n\t\t\/* END Default Isotope Code *\/\n\t\t\n\n\t\t\n\t\t\n\t});\n\t<\/script>\n    \n\t\n\n\t\t\n\n    \t\t\t\t\t<\/div>\n\t\t\t\t<\/div>\n\t\t\t\t\t<\/div>\n\t\t\t\t<\/div>\n\t\t\t\t<\/div>\n\t\t","protected":false},"excerpt":{"rendered":"<p>Baboon Ape Ryder&#8217;\u0131n yepyeni arazi e-bisiklet serisi Baboon ile unutulmaz bir maceraya haz\u0131rlan!Hem heyecan arayanlar hem de do\u011fa severler i\u00e7in tasarlanan Baboon, sa\u011flam dayan\u0131kl\u0131l\u0131\u011f\u0131 geli\u015fmi\u015f teknolojiyle birle\u015ftiriyor. \u0130ster dik da\u011f patikalar\u0131n\u0131 a\u015f, ister kumsal boyunca s\u00fcr ya da \u015fehirde dola\u015f, bu \u00e7ok y\u00f6nl\u00fc e-bisiklet her \u015feye dayanacak \u015fekilde \u00fcretildi. G\u00fc\u00e7l\u00fc motoru ve sa\u011flam \u00f6zellikleriyle Baboon, [&hellip;]<\/p>\n","protected":false},"author":1,"featured_media":0,"parent":0,"menu_order":0,"comment_status":"closed","ping_status":"closed","template":"elementor_header_footer","meta":{"footnotes":""},"class_list":["post-2243","page","type-page","status-publish","hentry"],"_links":{"self":[{"href":"https:\/\/aperyder.nl\/tr\/wp-json\/wp\/v2\/pages\/2243","targetHints":{"allow":["GET"]}}],"collection":[{"href":"https:\/\/aperyder.nl\/tr\/wp-json\/wp\/v2\/pages"}],"about":[{"href":"https:\/\/aperyder.nl\/tr\/wp-json\/wp\/v2\/types\/page"}],"author":[{"embeddable":true,"href":"https:\/\/aperyder.nl\/tr\/wp-json\/wp\/v2\/users\/1"}],"replies":[{"embeddable":true,"href":"https:\/\/aperyder.nl\/tr\/wp-json\/wp\/v2\/comments?post=2243"}],"version-history":[{"count":1,"href":"https:\/\/aperyder.nl\/tr\/wp-json\/wp\/v2\/pages\/2243\/revisions"}],"predecessor-version":[{"id":2248,"href":"https:\/\/aperyder.nl\/tr\/wp-json\/wp\/v2\/pages\/2243\/revisions\/2248"}],"wp:attachment":[{"href":"https:\/\/aperyder.nl\/tr\/wp-json\/wp\/v2\/media?parent=2243"}],"curies":[{"name":"wp","href":"https:\/\/api.w.org\/{rel}","templated":true}]}}