{"id":2216,"date":"2025-09-23T10:34:22","date_gmt":"2025-09-23T10:34:22","guid":{"rendered":"https:\/\/aperyder.nl\/showroom\/"},"modified":"2025-09-23T13:55:58","modified_gmt":"2025-09-23T13:55:58","slug":"showroom","status":"publish","type":"page","link":"https:\/\/aperyder.nl\/tr\/showroom\/","title":{"rendered":"Showroom"},"content":{"rendered":"\t\t<div data-elementor-type=\"wp-page\" data-elementor-id=\"2216\" class=\"elementor elementor-2216 elementor-1867\" data-elementor-post-type=\"page\">\n\t\t\t\t<div class=\"elementor-element elementor-element-ca6d0b7 e-flex e-con-boxed e-con e-parent\" data-id=\"ca6d0b7\" data-element_type=\"container\" data-e-type=\"container\" data-settings=\"{&quot;background_background&quot;:&quot;classic&quot;}\">\n\t\t\t\t\t<div class=\"e-con-inner\">\n\t\t\t\t<div class=\"elementor-element elementor-element-9f6d9cd elementor-widget elementor-widget-text-editor\" data-id=\"9f6d9cd\" data-element_type=\"widget\" data-e-type=\"widget\" data-widget_type=\"text-editor.default\">\n\t\t\t\t\t\t\t\t\t<p>828 Hermosa Ave, Hermosa Beach, CA 90254<\/p>\t\t\t\t\t\t\t\t<\/div>\n\t\t\t\t<div class=\"elementor-element elementor-element-54fd373 elementor-widget elementor-widget-heading\" data-id=\"54fd373\" data-element_type=\"widget\" data-e-type=\"widget\" data-widget_type=\"heading.default\">\n\t\t\t\t\t<h2 class=\"elementor-heading-title elementor-size-default\">San Pedro Showroom<\/h2>\t\t\t\t<\/div>\n\t\t\t\t<div class=\"elementor-element elementor-element-ae500bd elementor-widget elementor-widget-text-editor\" data-id=\"ae500bd\" data-element_type=\"widget\" data-e-type=\"widget\" data-widget_type=\"text-editor.default\">\n\t\t\t\t\t\t\t\t\tE-bisikletlerimizi yak\u0131ndan deneyimle, geni\u015f aksesuar yelpazemizi ke\u015ffet ve e-bisiklet al\u0131m\u0131nda sana yol g\u00f6sterecek<br>uzman ekibimizle tan\u0131\u015f. Bisikletlerimizden birini test s\u00fcr\u00fc\u015f\u00fcne<br>\u00e7\u0131karabilir veya kendi bisikletini tamir i\u00e7in getirebilirsin. Ziyaretini planlamak i\u00e7in a\u015fa\u011f\u0131 kayd\u0131r.\t\t\t\t\t\t\t\t<\/div>\n\t\t\t\t\t<\/div>\n\t\t\t\t<\/div>\n\t\t<div class=\"elementor-element elementor-element-b7279b9 e-flex e-con-boxed e-con e-parent\" data-id=\"b7279b9\" data-element_type=\"container\" data-e-type=\"container\">\n\t\t\t\t\t<div class=\"e-con-inner\">\n\t\t<div class=\"elementor-element elementor-element-a58470d e-con-full e-flex e-con e-child\" data-id=\"a58470d\" data-element_type=\"container\" data-e-type=\"container\">\n\t\t\t\t<div class=\"elementor-element elementor-element-d5f16b5 elementor-widget elementor-widget-heading\" data-id=\"d5f16b5\" data-element_type=\"widget\" data-e-type=\"widget\" data-widget_type=\"heading.default\">\n\t\t\t\t\t<h2 class=\"elementor-heading-title elementor-size-default\">Test S\u00fcr\u00fc\u015f\u00fcn\u00fc Planla<\/h2>\t\t\t\t<\/div>\n\t\t\t\t<div class=\"elementor-element elementor-element-9823cdd elementor-widget elementor-widget-text-editor\" data-id=\"9823cdd\" data-element_type=\"widget\" data-e-type=\"widget\" data-widget_type=\"text-editor.default\">\n\t\t\t\t\t\t\t\t\t<p><strong>Avrupa&#8217;n\u0131n en iyi fiyat-performans e-bisikletini test etmek i\u00e7in bug\u00fcn rezervasyon yap. <br>Ape Ryder &#8211; 2020&#8217;den beri e-bisiklet uzman\u0131n.<\/strong><\/p>\t\t\t\t\t\t\t\t<\/div>\n\t\t\t\t<div class=\"elementor-element elementor-element-47624df elementor-widget elementor-widget-button\" data-id=\"47624df\" data-element_type=\"widget\" data-e-type=\"widget\" data-widget_type=\"button.default\">\n\t\t\t\t\t\t\t\t\t\t<a class=\"elementor-button elementor-button-link elementor-size-sm\" href=\"#\">\n\t\t\t\t\t\t<span class=\"elementor-button-content-wrapper\">\n\t\t\t\t\t\t\t\t\t<span class=\"elementor-button-text\">Test S\u00fcr\u00fc\u015f\u00fc Rezervasyonu Yap<\/span>\n\t\t\t\t\t<\/span>\n\t\t\t\t\t<\/a>\n\t\t\t\t\t\t\t\t<\/div>\n\t\t\t\t<\/div>\n\t\t<div class=\"elementor-element elementor-element-a7672d6 e-con-full e-flex e-con e-child\" data-id=\"a7672d6\" data-element_type=\"container\" data-e-type=\"container\">\n\t\t\t\t<div class=\"elementor-element elementor-element-767bff0 elementor-widget elementor-widget-image\" data-id=\"767bff0\" data-element_type=\"widget\" data-e-type=\"widget\" data-widget_type=\"image.default\">\n\t\t\t\t\t\t\t\t\t\t\t\t\t\t\t<img fetchpriority=\"high\" decoding=\"async\" width=\"800\" height=\"533\" src=\"https:\/\/aperyder.nl\/wp-content\/uploads\/2025\/09\/DSC07184_1.webp\" class=\"attachment-large size-large wp-image-2219\" alt=\"\" srcset=\"https:\/\/aperyder.nl\/wp-content\/uploads\/2025\/09\/DSC07184_1.webp 800w, https:\/\/aperyder.nl\/wp-content\/uploads\/2025\/09\/DSC07184_1-300x200.webp 300w, https:\/\/aperyder.nl\/wp-content\/uploads\/2025\/09\/DSC07184_1-768x512.webp 768w\" sizes=\"(max-width: 800px) 100vw, 800px\" title=\"\">\t\t\t\t\t\t\t\t\t\t\t\t\t\t\t<\/div>\n\t\t\t\t<\/div>\n\t\t\t\t\t<\/div>\n\t\t\t\t<\/div>\n\t\t\t\t<\/div>\n\t\t","protected":false},"excerpt":{"rendered":"<p>828 Hermosa Ave, Hermosa Beach, CA 90254 San Pedro Showroom E-bisikletlerimizi yak\u0131ndan deneyimle, geni\u015f aksesuar yelpazemizi ke\u015ffet ve e-bisiklet al\u0131m\u0131nda sana yol g\u00f6sterecekuzman ekibimizle tan\u0131\u015f. Bisikletlerimizden birini test s\u00fcr\u00fc\u015f\u00fcne\u00e7\u0131karabilir veya kendi bisikletini tamir i\u00e7in getirebilirsin. Ziyaretini planlamak i\u00e7in a\u015fa\u011f\u0131 kayd\u0131r. Test S\u00fcr\u00fc\u015f\u00fcn\u00fc Planla Avrupa&#8217;n\u0131n en iyi fiyat-performans e-bisikletini test etmek i\u00e7in bug\u00fcn rezervasyon yap. Ape [&hellip;]<\/p>\n","protected":false},"author":1,"featured_media":0,"parent":0,"menu_order":0,"comment_status":"closed","ping_status":"closed","template":"elementor_header_footer","meta":{"footnotes":""},"class_list":["post-2216","page","type-page","status-publish","hentry"],"_links":{"self":[{"href":"https:\/\/aperyder.nl\/tr\/wp-json\/wp\/v2\/pages\/2216","targetHints":{"allow":["GET"]}}],"collection":[{"href":"https:\/\/aperyder.nl\/tr\/wp-json\/wp\/v2\/pages"}],"about":[{"href":"https:\/\/aperyder.nl\/tr\/wp-json\/wp\/v2\/types\/page"}],"author":[{"embeddable":true,"href":"https:\/\/aperyder.nl\/tr\/wp-json\/wp\/v2\/users\/1"}],"replies":[{"embeddable":true,"href":"https:\/\/aperyder.nl\/tr\/wp-json\/wp\/v2\/comments?post=2216"}],"version-history":[{"count":1,"href":"https:\/\/aperyder.nl\/tr\/wp-json\/wp\/v2\/pages\/2216\/revisions"}],"predecessor-version":[{"id":2223,"href":"https:\/\/aperyder.nl\/tr\/wp-json\/wp\/v2\/pages\/2216\/revisions\/2223"}],"wp:attachment":[{"href":"https:\/\/aperyder.nl\/tr\/wp-json\/wp\/v2\/media?parent=2216"}],"curies":[{"name":"wp","href":"https:\/\/api.w.org\/{rel}","templated":true}]}}