{"id":2025,"date":"2025-09-22T20:57:04","date_gmt":"2025-09-22T20:57:04","guid":{"rendered":"https:\/\/aperyder.nl\/bonobo\/"},"modified":"2025-10-08T06:02:50","modified_gmt":"2025-10-08T06:02:50","slug":"bonobo","status":"publish","type":"page","link":"https:\/\/aperyder.nl\/tr\/bonobo\/","title":{"rendered":"Bonobo"},"content":{"rendered":"\t\t<div data-elementor-type=\"wp-page\" data-elementor-id=\"2025\" class=\"elementor elementor-2025 elementor-1631\" data-elementor-post-type=\"page\">\n\t\t\t\t<div class=\"elementor-element elementor-element-b906553 e-flex e-con-boxed e-con e-parent\" data-id=\"b906553\" data-element_type=\"container\" data-e-type=\"container\" data-settings=\"{&quot;background_background&quot;:&quot;classic&quot;}\">\n\t\t\t\t\t<div class=\"e-con-inner\">\n\t\t\t\t<div class=\"elementor-element elementor-element-e5b886c elementor-widget elementor-widget-heading\" data-id=\"e5b886c\" data-element_type=\"widget\" data-e-type=\"widget\" data-widget_type=\"heading.default\">\n\t\t\t\t\t<h2 class=\"elementor-heading-title elementor-size-default\">Bonobo<\/h2>\t\t\t\t<\/div>\n\t\t\t\t<div class=\"elementor-element elementor-element-38f2bb6 elementor-widget elementor-widget-text-editor\" data-id=\"38f2bb6\" data-element_type=\"widget\" data-e-type=\"widget\" data-widget_type=\"text-editor.default\">\n\t\t\t\t\t\t\t\t\tBonobo, stil ve \u00e7ok y\u00f6nl\u00fcl\u00fck arayanlar i\u00e7in cevab\u0131m\u0131z. \u015eehirde i\u015fe gidip gelme<br> veya arazi maceralar\u0131nda olsun, Bonobo benzersiz tasar\u0131m\u0131yla \u00f6ne \u00e7\u0131k\u0131yor. Bir \u015fehir bisikletinin konforunu<br> bir macera bisikletinin<x id=\"gid_0\"><\/x>sa\u011flaml\u0131\u011f\u0131yla birle\u015ftiriyor. Bonobo ile sadece bisiklete binmezsin; bir duru\u015f sergilersin.   \t\t\t\t\t\t\t\t<\/div>\n\t\t\t\t\t<\/div>\n\t\t\t\t<\/div>\n\t\t<div class=\"elementor-element elementor-element-dcad628 e-flex e-con-boxed e-con e-parent\" data-id=\"dcad628\" data-element_type=\"container\" data-e-type=\"container\">\n\t\t\t\t\t<div class=\"e-con-inner\">\n\t\t\t\t<div class=\"elementor-element elementor-element-4063dd4 elementor-widget elementor-widget-progression-projects-post-list\" data-id=\"4063dd4\" data-element_type=\"widget\" data-e-type=\"widget\" data-widget_type=\"progression-projects-post-list.default\">\n\t\t\t\t<div class=\"elementor-widget-container\">\n\t\t\t\t\t\t\n\n\t\n\t<div class=\"progression-studios-elementor-video-post-container\">\n        \n        \n\t\t        \n        \n        \n\t\t<div class=\"progression-masonry-margins\">\n\t\t\t<div id=\"progression-video-index-masonry-4063dd4\">\n\t\t\t\t\t\t\t<\/div><!-- close #progression-video-index-masonry-4063dd4  -->\n\t\t<\/div><!-- close .progression-masonry-margins -->\n        \n\t\t<div class=\"clearfix-pro\"><\/div>\n\t\t\n\t\t\t\t\n\t\t\t\t<div class=\"shuma-progression-pagination-elementor\">\n\t\t\t\t\t\t\t\t\t<\/div>\n                \n                \n                \n    \t<div class=\"clearfix-pro\"><\/div>\n\t\t\n\t<\/div><!-- close .progression-studios-elementor-video-post-container -->\n\t\n    \n\t<script type=\"text\/javascript\">\n\tjQuery(document).ready(function($) {\n\t\t'use strict';\n\t\t\n\t\t\/* Default Isotope Load Code *\/\n\t\tvar $container4063dd4 = $(\"#progression-video-index-masonry-4063dd4\").isotope();\n\t\t$container4063dd4.imagesLoaded( function() {\n\t\t\t$(\".progression-masonry-item\").addClass(\"opacity-progression\");\n\t\t\t$container4063dd4.isotope({\n\t\t\t\titemSelector: \"#progression-video-index-masonry-4063dd4 .progression-masonry-item\",\t\t\t\t\n\t\t\t\tpercentPosition: true,\n\t\t\t\tlayoutMode: \"fitRows\" \n\t \t\t});\n\t\t});\n\t\t\/* END Default Isotope Code *\/\n\t\t\n\n\t\t\n\t\t\n\t});\n\t<\/script>\n    \n\t\n\n\t\t\n\n    \t\t\t\t\t<\/div>\n\t\t\t\t<\/div>\n\t\t\t\t\t<\/div>\n\t\t\t\t<\/div>\n\t\t\t\t<\/div>\n\t\t","protected":false},"excerpt":{"rendered":"<p>Bonobo Bonobo, stil ve \u00e7ok y\u00f6nl\u00fcl\u00fck arayanlar i\u00e7in cevab\u0131m\u0131z. \u015eehirde i\u015fe gidip gelme veya arazi maceralar\u0131nda olsun, Bonobo benzersiz tasar\u0131m\u0131yla \u00f6ne \u00e7\u0131k\u0131yor. Bir \u015fehir bisikletinin konforunu bir macera bisikletininsa\u011flaml\u0131\u011f\u0131yla birle\u015ftiriyor. Bonobo ile sadece bisiklete binmezsin; bir duru\u015f sergilersin. Sale! Bonobo &#8211; Forest &euro;2,600.00&euro;2,800.00 28+ KM 90\/110 KM 48V\/20AH Select Options Sale! Bonobo &#8211; Middernacht &euro;1,999.00&euro;2,499.00 [&hellip;]<\/p>\n","protected":false},"author":1,"featured_media":0,"parent":0,"menu_order":0,"comment_status":"closed","ping_status":"closed","template":"elementor_header_footer","meta":{"footnotes":""},"class_list":["post-2025","page","type-page","status-publish","hentry"],"_links":{"self":[{"href":"https:\/\/aperyder.nl\/tr\/wp-json\/wp\/v2\/pages\/2025","targetHints":{"allow":["GET"]}}],"collection":[{"href":"https:\/\/aperyder.nl\/tr\/wp-json\/wp\/v2\/pages"}],"about":[{"href":"https:\/\/aperyder.nl\/tr\/wp-json\/wp\/v2\/types\/page"}],"author":[{"embeddable":true,"href":"https:\/\/aperyder.nl\/tr\/wp-json\/wp\/v2\/users\/1"}],"replies":[{"embeddable":true,"href":"https:\/\/aperyder.nl\/tr\/wp-json\/wp\/v2\/comments?post=2025"}],"version-history":[{"count":2,"href":"https:\/\/aperyder.nl\/tr\/wp-json\/wp\/v2\/pages\/2025\/revisions"}],"predecessor-version":[{"id":2818,"href":"https:\/\/aperyder.nl\/tr\/wp-json\/wp\/v2\/pages\/2025\/revisions\/2818"}],"wp:attachment":[{"href":"https:\/\/aperyder.nl\/tr\/wp-json\/wp\/v2\/media?parent=2025"}],"curies":[{"name":"wp","href":"https:\/\/api.w.org\/{rel}","templated":true}]}}