{"id":2020,"date":"2025-09-23T10:29:40","date_gmt":"2025-09-23T10:29:40","guid":{"rendered":"https:\/\/aperyder.nl\/garanti\/"},"modified":"2025-09-23T13:42:23","modified_gmt":"2025-09-23T13:42:23","slug":"garanti","status":"publish","type":"page","link":"https:\/\/aperyder.nl\/tr\/garanti\/","title":{"rendered":"Garanti"},"content":{"rendered":"\t\t<div data-elementor-type=\"wp-page\" data-elementor-id=\"2020\" class=\"elementor elementor-2020 elementor-1859\" data-elementor-post-type=\"page\">\n\t\t\t\t<div class=\"elementor-element elementor-element-c7e0b3f e-flex e-con-boxed e-con e-parent\" data-id=\"c7e0b3f\" data-element_type=\"container\" data-e-type=\"container\">\n\t\t\t\t\t<div class=\"e-con-inner\">\n\t\t\t\t<div class=\"elementor-element elementor-element-6fa757b elementor-widget elementor-widget-heading\" data-id=\"6fa757b\" data-element_type=\"widget\" data-e-type=\"widget\" data-widget_type=\"heading.default\">\n\t\t\t\t\t<h2 class=\"elementor-heading-title elementor-size-default\">Bu sayfa ge\u00e7ici olarak bak\u0131mda. Sorular\u0131n\u0131z veya bilgi almak i\u00e7in ileti\u015fim sayfas\u0131ndan bize ula\u015fabilirsin. <\/h2>\t\t\t\t<\/div>\n\t\t\t\t<div class=\"elementor-element elementor-element-89ed452 elementor-widget elementor-widget-button\" data-id=\"89ed452\" data-element_type=\"widget\" data-e-type=\"widget\" data-widget_type=\"button.default\">\n\t\t\t\t\t\t\t\t\t\t<a class=\"elementor-button elementor-button-link elementor-size-sm\" href=\"https:\/\/aperyder.nl\/contact\/\">\n\t\t\t\t\t\t<span class=\"elementor-button-content-wrapper\">\n\t\t\t\t\t\t\t\t\t<span class=\"elementor-button-text\">\u0130leti\u015fim<\/span>\n\t\t\t\t\t<\/span>\n\t\t\t\t\t<\/a>\n\t\t\t\t\t\t\t\t<\/div>\n\t\t\t\t\t<\/div>\n\t\t\t\t<\/div>\n\t\t\t\t<\/div>\n\t\t","protected":false},"excerpt":{"rendered":"<p>Bu sayfa ge\u00e7ici olarak bak\u0131mda. Sorular\u0131n\u0131z veya bilgi almak i\u00e7in ileti\u015fim sayfas\u0131ndan bize ula\u015fabilirsin. \u0130leti\u015fim<\/p>\n","protected":false},"author":1,"featured_media":0,"parent":0,"menu_order":0,"comment_status":"closed","ping_status":"closed","template":"elementor_header_footer","meta":{"footnotes":""},"class_list":["post-2020","page","type-page","status-publish","hentry"],"_links":{"self":[{"href":"https:\/\/aperyder.nl\/tr\/wp-json\/wp\/v2\/pages\/2020","targetHints":{"allow":["GET"]}}],"collection":[{"href":"https:\/\/aperyder.nl\/tr\/wp-json\/wp\/v2\/pages"}],"about":[{"href":"https:\/\/aperyder.nl\/tr\/wp-json\/wp\/v2\/types\/page"}],"author":[{"embeddable":true,"href":"https:\/\/aperyder.nl\/tr\/wp-json\/wp\/v2\/users\/1"}],"replies":[{"embeddable":true,"href":"https:\/\/aperyder.nl\/tr\/wp-json\/wp\/v2\/comments?post=2020"}],"version-history":[{"count":1,"href":"https:\/\/aperyder.nl\/tr\/wp-json\/wp\/v2\/pages\/2020\/revisions"}],"predecessor-version":[{"id":2022,"href":"https:\/\/aperyder.nl\/tr\/wp-json\/wp\/v2\/pages\/2020\/revisions\/2022"}],"wp:attachment":[{"href":"https:\/\/aperyder.nl\/tr\/wp-json\/wp\/v2\/media?parent=2020"}],"curies":[{"name":"wp","href":"https:\/\/api.w.org\/{rel}","templated":true}]}}