{"id":2017,"date":"2025-09-22T20:18:43","date_gmt":"2025-09-22T20:18:43","guid":{"rendered":"https:\/\/aperyder.nl\/hollandada-resmi-ape-ryder-bayisi-ol\/"},"modified":"2025-09-23T13:42:19","modified_gmt":"2025-09-23T13:42:19","slug":"hollandada-resmi-ape-ryder-bayisi-ol","status":"publish","type":"page","link":"https:\/\/aperyder.nl\/tr\/hollandada-resmi-ape-ryder-bayisi-ol\/","title":{"rendered":"Hollanda&#8217;da Resmi Ape Ryder Bayisi Ol"},"content":{"rendered":"\t\t<div data-elementor-type=\"wp-page\" data-elementor-id=\"2017\" class=\"elementor elementor-2017 elementor-1615\" data-elementor-post-type=\"page\">\n\t\t\t\t<div class=\"elementor-element elementor-element-8213b80 e-flex e-con-boxed e-con e-parent\" data-id=\"8213b80\" data-element_type=\"container\" data-e-type=\"container\" data-settings=\"{&quot;background_background&quot;:&quot;classic&quot;}\">\n\t\t\t\t\t<div class=\"e-con-inner\">\n\t\t\t\t<div class=\"elementor-element elementor-element-ee7fc0f elementor-invisible elementor-widget elementor-widget-progression-new-element\" data-id=\"ee7fc0f\" data-element_type=\"widget\" data-e-type=\"widget\" data-settings=\"{&quot;_animation&quot;:&quot;fadeInUp&quot;}\" data-widget_type=\"progression-new-element.default\">\n\t\t\t\t<div class=\"elementor-widget-container\">\n\t\t\t\t\t\t\n\t\t\t<div class=\"progression-studios-page-title\"><h1 class=\"progression-studios-title\">\n\t\t\t\n\t\t\t\t\t\t\t\n\t\t\t\t\t\n\t\t\t\t\t\t\n\t\t\t\t\t\t\t\t\t\t\n\t\t\t\t\t\t\t\t\t\t\t\t\t\t\t\t\t                                            Hollanda&#8217;da Resmi Ape Ryder Bayisi Ol\t\t\t\t\t\t\t\t\t\t\t\t\t\t\t\t\t\t\t\t\t\t\t\t\t\n\t\t\t\t\t\t\t\t\t\t\t\t\n\t\t\t\t\t\t\t\t\n\t\t\t\t\t\t\n\t\t<\/h1>\n\t\t<\/div><!-- close .progression-studios-page-title -->\n        \n        \n        \n\t\t\n\n\n    \t\t\t\t\t<\/div>\n\t\t\t\t<\/div>\n\t\t\t\t<div class=\"elementor-element elementor-element-2d48d2f elementor-invisible elementor-widget elementor-widget-heading\" data-id=\"2d48d2f\" data-element_type=\"widget\" data-e-type=\"widget\" data-settings=\"{&quot;_animation&quot;:&quot;fadeInUp&quot;}\" data-widget_type=\"heading.default\">\n\t\t\t\t\t<h2 class=\"elementor-heading-title elementor-size-default\">Premium elektrikli fatbike'lar\u0131 sat ve ba\u015far\u0131l\u0131 bir bayilik kur. Bayi program\u0131m\u0131z hakk\u0131nda \u015fimdi bilgi iste. <\/h2>\t\t\t\t<\/div>\n\t\t\t\t\t<\/div>\n\t\t\t\t<\/div>\n\t\t<div class=\"elementor-element elementor-element-02f7cbe e-flex e-con-boxed e-con e-parent\" data-id=\"02f7cbe\" data-element_type=\"container\" data-e-type=\"container\">\n\t\t\t\t\t<div class=\"e-con-inner\">\n\t\t\t\t<div class=\"elementor-element elementor-element-6425613 elementor-invisible elementor-widget elementor-widget-text-editor\" data-id=\"6425613\" data-element_type=\"widget\" data-e-type=\"widget\" data-settings=\"{&quot;_animation&quot;:&quot;fadeInUp&quot;}\" data-widget_type=\"text-editor.default\">\n\t\t\t\t\t\t\t\t\t<p>ApeRyder, sadece m\u00fc\u015fteri hizmetlerinde \u00f6ne \u00e7\u0131kan ve Hollanda bisiklet pazar\u0131n\u0131n b\u00fcy\u00fcmesine katk\u0131da bulunan premium bayilerle \u00e7al\u0131\u015f\u0131r. <br>Hollanda genelinde b\u00fcy\u00fcyen ba\u015far\u0131l\u0131 bayi a\u011f\u0131m\u0131zla, k\u00e2rl\u0131 bir bayilik i\u00e7in kan\u0131tlanm\u0131\u015f destek sunuyoruz.<\/p>\t\t\t\t\t\t\t\t<\/div>\n\t\t\t\t\t<\/div>\n\t\t\t\t<\/div>\n\t\t<div class=\"elementor-element elementor-element-d73f90e e-flex e-con-boxed e-con e-parent\" data-id=\"d73f90e\" data-element_type=\"container\" data-e-type=\"container\">\n\t\t\t\t\t<div class=\"e-con-inner\">\n\t\t<div class=\"elementor-element elementor-element-0a56bb2 e-con-full e-flex elementor-invisible e-con e-child\" data-id=\"0a56bb2\" data-element_type=\"container\" data-e-type=\"container\" data-settings=\"{&quot;animation&quot;:&quot;fadeInLeft&quot;}\">\n\t\t\t\t<div class=\"elementor-element elementor-element-5f2f0fd elementor-widget elementor-widget-heading\" data-id=\"5f2f0fd\" data-element_type=\"widget\" data-e-type=\"widget\" data-widget_type=\"heading.default\">\n\t\t\t\t\t<h2 class=\"elementor-heading-title elementor-size-default\">Nas\u0131l \u00c7al\u0131\u015f\u0131r?<\/h2>\t\t\t\t<\/div>\n\t\t\t\t<div class=\"elementor-element elementor-element-e61a389 elementor-widget elementor-widget-text-editor\" data-id=\"e61a389\" data-element_type=\"widget\" data-e-type=\"widget\" data-widget_type=\"text-editor.default\">\n\t\t\t\t\t\t\t\t\t<p><strong>Bayilik ba\u015fvurunu a\u015fa\u011f\u0131daki formu kullanarak g\u00f6nder. Ortakl\u0131k ekibimiz 48 saat i\u00e7inde detayl\u0131 bir teklifle seninle ileti\u015fime ge\u00e7ecek. <\/strong><\/p>\n<p> <\/p>\n<div class=\"mb-1 mt-2 whitespace-pre-line leading-relaxed first:mt-0\" data-sentry-component=\"P\" data-sentry-source-file=\"p.tsx\"><strong>ApeRyder bayisi olarak \u015fu avantajlardan yararlan\u0131rs\u0131n:<\/strong><\/div>\n<div data-sentry-component=\"P\" data-sentry-source-file=\"p.tsx\"> <\/div>\n<div class=\"mb-1 mt-2 whitespace-pre-line leading-relaxed first:mt-0\" data-sentry-component=\"P\" data-sentry-source-file=\"p.tsx\"><strong>Premium \u00dcr\u00fcn Portf\u00f6y\u00fc<\/strong> &#8211; Cazip bayi marjlar\u0131yla y\u00fcksek kaliteli elektrikli fatbike&#8217;lara \u00f6zel eri\u015fim.<\/div>\n<div data-sentry-component=\"P\" data-sentry-source-file=\"p.tsx\"> <\/div>\n<div class=\"mb-1 mt-2 whitespace-pre-line leading-relaxed first:mt-0\" data-sentry-component=\"P\" data-sentry-source-file=\"p.tsx\"><strong>Garantili Teslimatlar<\/strong> &#8211; Hollanda sto\u011fundan %99,5 g\u00fcvenilirlikle do\u011frudan teslimat.<\/div>\n<div data-sentry-component=\"P\" data-sentry-source-file=\"p.tsx\"> <\/div>\n<div class=\"mb-1 mt-2 whitespace-pre-line leading-relaxed first:mt-0\" data-sentry-component=\"P\" data-sentry-source-file=\"p.tsx\"><strong>\u00d6zel Destek<\/strong> &#8211; Optimum i\u015f operasyonlar\u0131 ve teknik destek i\u00e7in atanm\u0131\u015f hesap y\u00f6neticisi.<\/div>\n<div data-sentry-component=\"P\" data-sentry-source-file=\"p.tsx\"> <\/div>\n<div class=\"mb-1 mt-2 whitespace-pre-line leading-relaxed first:mt-0\" data-sentry-component=\"P\" data-sentry-source-file=\"p.tsx\"><strong>Ak\u0131ll\u0131 Stok Y\u00f6netimi<\/strong> &#8211; Maksimum ciro ve minimum sermaye ba\u011flama i\u00e7in otomatik yenileme sistemi.<\/div>\n<div data-sentry-component=\"P\" data-sentry-source-file=\"p.tsx\"> <\/div>\n<div class=\"mb-1 mt-2 whitespace-pre-line leading-relaxed first:mt-0\" data-sentry-component=\"P\" data-sentry-source-file=\"p.tsx\"><strong>B\u00fcy\u00fcme Deste\u011fi<\/strong> &#8211; Ba\u015far\u0131l\u0131 bayilik i\u00e7in pazarlama ara\u00e7lar\u0131 ve sat\u0131\u015f e\u011fitimi<\/div>\t\t\t\t\t\t\t\t<\/div>\n\t\t\t\t<\/div>\n\t\t<div class=\"elementor-element elementor-element-3406bbd e-con-full e-flex elementor-invisible e-con e-child\" data-id=\"3406bbd\" data-element_type=\"container\" data-e-type=\"container\" data-settings=\"{&quot;animation&quot;:&quot;fadeInRight&quot;}\">\n\t\t\t\t<div class=\"elementor-element elementor-element-65d2da0 elementor-widget elementor-widget-heading\" data-id=\"65d2da0\" data-element_type=\"widget\" data-e-type=\"widget\" data-widget_type=\"heading.default\">\n\t\t\t\t\t<h2 class=\"elementor-heading-title elementor-size-default\">Bayi Ol<\/h2>\t\t\t\t<\/div>\n\t\t\t\t<div class=\"elementor-element elementor-element-b078a26 elementor-widget elementor-widget-boosted-elements-contact-form\" data-id=\"b078a26\" data-element_type=\"widget\" data-e-type=\"widget\" data-widget_type=\"boosted-elements-contact-form.default\">\n\t\t\t\t<div class=\"elementor-widget-container\">\n\t\t\t\t\t\t\n\t\n\t\t\t<div class=\"boosted-elements-progression-contact-form-container\">\t\t\n\t\t\t\n<div class=\"wpcf7 no-js\" id=\"wpcf7-f1712-o1\" lang=\"nl-NL\" dir=\"ltr\" data-wpcf7-id=\"1712\">\n<div class=\"screen-reader-response\"><p role=\"status\" aria-live=\"polite\" aria-atomic=\"true\"><\/p> <ul><\/ul><\/div>\n<form action=\"\/tr\/wp-json\/wp\/v2\/pages\/2017#wpcf7-f1712-o1\" method=\"post\" class=\"wpcf7-form init\" aria-label=\"Contactformulier\" novalidate=\"novalidate\" data-status=\"init\">\n<fieldset class=\"hidden-fields-container\"><input type=\"hidden\" name=\"_wpcf7\" value=\"1712\" \/><input type=\"hidden\" name=\"_wpcf7_version\" value=\"6.1.5\" \/><input type=\"hidden\" name=\"_wpcf7_locale\" value=\"nl_NL\" \/><input type=\"hidden\" name=\"_wpcf7_unit_tag\" value=\"wpcf7-f1712-o1\" \/><input type=\"hidden\" name=\"_wpcf7_container_post\" value=\"0\" \/><input type=\"hidden\" name=\"_wpcf7_posted_data_hash\" value=\"\" \/>\n<\/fieldset>\n<div class=\"grid2column-progression\">\n\t<p><label>Volledige naam *<br \/>\n<span class=\"wpcf7-form-control-wrap\" data-name=\"your-name\"><input size=\"40\" maxlength=\"400\" class=\"wpcf7-form-control wpcf7-text wpcf7-validates-as-required\" aria-required=\"true\" aria-invalid=\"false\" placeholder=\"Uw volledige naam\" value=\"\" type=\"text\" name=\"your-name\" \/><\/span><br \/>\n<\/label>\n\t<\/p>\n<\/div>\n<div class=\"grid2column-progression lastcolumn-progression\">\n\t<p><label>E-mailadres *<br \/>\n<span class=\"wpcf7-form-control-wrap\" data-name=\"your-email\"><input size=\"40\" maxlength=\"400\" class=\"wpcf7-form-control wpcf7-email wpcf7-validates-as-required wpcf7-text wpcf7-validates-as-email\" aria-required=\"true\" aria-invalid=\"false\" placeholder=\"uw.email@voorbeeld.nl\" value=\"\" type=\"email\" name=\"your-email\" \/><\/span><br \/>\n<\/label>\n\t<\/p>\n<\/div>\n<div class=\"clearfix-pro\">\n<\/div>\n<div class=\"grid2column-progression\">\n\t<p><label>Bedrijfsnaam<br \/>\n<span class=\"wpcf7-form-control-wrap\" data-name=\"your-company\"><input size=\"40\" maxlength=\"400\" class=\"wpcf7-form-control wpcf7-text\" aria-invalid=\"false\" placeholder=\"Naam van uw bedrijf\" value=\"\" type=\"text\" name=\"your-company\" \/><\/span><br \/>\n<\/label>\n\t<\/p>\n<\/div>\n<div class=\"grid2column-progression lastcolumn-progression\">\n\t<p><label>Telefoonnummer *<br \/>\n<span class=\"wpcf7-form-control-wrap\" data-name=\"your-phone\"><input size=\"40\" maxlength=\"400\" class=\"wpcf7-form-control wpcf7-tel wpcf7-validates-as-required wpcf7-text wpcf7-validates-as-tel\" aria-required=\"true\" aria-invalid=\"false\" placeholder=\"06-12345678\" value=\"\" type=\"tel\" name=\"your-phone\" \/><\/span><br \/>\n<\/label>\n\t<\/p>\n<\/div>\n<div class=\"clearfix-pro\">\n<\/div>\n<div class=\"grid2column-progression\">\n\t<p><label>Postcode<br \/>\n<span class=\"wpcf7-form-control-wrap\" data-name=\"your-postcode\"><input size=\"40\" maxlength=\"400\" class=\"wpcf7-form-control wpcf7-text\" aria-invalid=\"false\" placeholder=\"1234 AB\" value=\"\" type=\"text\" name=\"your-postcode\" \/><\/span><br \/>\n<\/label>\n\t<\/p>\n<\/div>\n<div class=\"grid2column-progression lastcolumn-progression\">\n\t<p><label>Plaats<br \/>\n<span class=\"wpcf7-form-control-wrap\" data-name=\"your-city\"><input size=\"40\" maxlength=\"400\" class=\"wpcf7-form-control wpcf7-text\" aria-invalid=\"false\" placeholder=\"Uw woonplaats\" value=\"\" type=\"text\" name=\"your-city\" \/><\/span><br \/>\n<\/label>\n\t<\/p>\n<\/div>\n<div class=\"clearfix-pro\">\n<\/div>\n<div class=\"grid2column-progression\">\n\t<p><label>Type dealerschap<br \/>\n<span class=\"wpcf7-form-control-wrap\" data-name=\"your-dealership-type\"><select class=\"wpcf7-form-control wpcf7-select\" aria-invalid=\"false\" name=\"your-dealership-type\"><option value=\"Selecteer type dealerschap\">Selecteer type dealerschap<\/option><option value=\"Fysieke winkel\">Fysieke winkel<\/option><option value=\"Online verkoop\">Online verkoop<\/option><option value=\"Beide\">Beide<\/option><option value=\"Nog niet beslist\">Nog niet beslist<\/option><\/select><\/span><br \/>\n<\/label>\n\t<\/p>\n<\/div>\n<div class=\"grid2column-progression lastcolumn-progression\">\n\t<p><label>Ervaring met elektrische fietsen<br \/>\n<span class=\"wpcf7-form-control-wrap\" data-name=\"your-experience\"><select class=\"wpcf7-form-control wpcf7-select\" aria-invalid=\"false\" name=\"your-experience\"><option value=\"Selecteer uw ervaring\">Selecteer uw ervaring<\/option><option value=\"Geen ervaring\">Geen ervaring<\/option><option value=\"1-2 jaar\">1-2 jaar<\/option><option value=\"3-5 jaar\">3-5 jaar<\/option><option value=\"Meer dan 5 jaar\">Meer dan 5 jaar<\/option><\/select><\/span><br \/>\n<\/label>\n\t<\/p>\n<\/div>\n<div class=\"clearfix-pro\">\n<\/div>\n<p><label>Uw motivatie en vragen<br \/>\n<span class=\"wpcf7-form-control-wrap\" data-name=\"your-message\"><textarea cols=\"40\" rows=\"10\" maxlength=\"2000\" class=\"wpcf7-form-control wpcf7-textarea\" aria-invalid=\"false\" placeholder=\"Vertel waarom u ApeRyder dealer wilt worden en stel eventuele vragen...\" name=\"your-message\"><\/textarea><\/span><br \/>\n<\/label>\n<\/p>\n<div style=\"text-align: center; margin-top: 20px;\">\n\t<p><input class=\"wpcf7-form-control wpcf7-submit has-spinner\" type=\"submit\" value=\"Dealerschap Aanvragen\" \/>\n\t<\/p>\n<\/div><div class=\"wpcf7-response-output\" aria-hidden=\"true\"><\/div>\n<\/form>\n<\/div>\n\t\t<\/div><!-- close .boosted-elements-progression-contact-form-container -->\n\t\t\n\t\t\t\t\t<\/div>\n\t\t\t\t<\/div>\n\t\t\t\t<\/div>\n\t\t\t\t\t<\/div>\n\t\t\t\t<\/div>\n\t\t\t\t<\/div>\n\t\t","protected":false},"excerpt":{"rendered":"<p>Premium elektrikli fatbike&#8217;lar\u0131 sat ve ba\u015far\u0131l\u0131 bir bayilik kur. Bayi program\u0131m\u0131z hakk\u0131nda \u015fimdi bilgi iste. ApeRyder, sadece m\u00fc\u015fteri hizmetlerinde \u00f6ne \u00e7\u0131kan ve Hollanda bisiklet pazar\u0131n\u0131n b\u00fcy\u00fcmesine katk\u0131da bulunan premium bayilerle \u00e7al\u0131\u015f\u0131r. Hollanda genelinde b\u00fcy\u00fcyen ba\u015far\u0131l\u0131 bayi a\u011f\u0131m\u0131zla, k\u00e2rl\u0131 bir bayilik i\u00e7in kan\u0131tlanm\u0131\u015f destek sunuyoruz. Nas\u0131l \u00c7al\u0131\u015f\u0131r? Bayilik ba\u015fvurunu a\u015fa\u011f\u0131daki formu kullanarak g\u00f6nder. Ortakl\u0131k ekibimiz 48 [&hellip;]<\/p>\n","protected":false},"author":1,"featured_media":0,"parent":0,"menu_order":0,"comment_status":"closed","ping_status":"closed","template":"elementor_header_footer","meta":{"footnotes":""},"class_list":["post-2017","page","type-page","status-publish","hentry"],"_links":{"self":[{"href":"https:\/\/aperyder.nl\/tr\/wp-json\/wp\/v2\/pages\/2017","targetHints":{"allow":["GET"]}}],"collection":[{"href":"https:\/\/aperyder.nl\/tr\/wp-json\/wp\/v2\/pages"}],"about":[{"href":"https:\/\/aperyder.nl\/tr\/wp-json\/wp\/v2\/types\/page"}],"author":[{"embeddable":true,"href":"https:\/\/aperyder.nl\/tr\/wp-json\/wp\/v2\/users\/1"}],"replies":[{"embeddable":true,"href":"https:\/\/aperyder.nl\/tr\/wp-json\/wp\/v2\/comments?post=2017"}],"version-history":[{"count":1,"href":"https:\/\/aperyder.nl\/tr\/wp-json\/wp\/v2\/pages\/2017\/revisions"}],"predecessor-version":[{"id":2021,"href":"https:\/\/aperyder.nl\/tr\/wp-json\/wp\/v2\/pages\/2017\/revisions\/2021"}],"wp:attachment":[{"href":"https:\/\/aperyder.nl\/tr\/wp-json\/wp\/v2\/media?parent=2017"}],"curies":[{"name":"wp","href":"https:\/\/api.w.org\/{rel}","templated":true}]}}