{"id":2237,"date":"2025-09-23T10:34:22","date_gmt":"2025-09-23T10:34:22","guid":{"rendered":"https:\/\/aperyder.nl\/ausstellungsraum\/"},"modified":"2025-09-23T13:55:58","modified_gmt":"2025-09-23T13:55:58","slug":"ausstellungsraum","status":"publish","type":"page","link":"https:\/\/aperyder.nl\/de\/ausstellungsraum\/","title":{"rendered":"Ausstellungsraum"},"content":{"rendered":"\t\t<div data-elementor-type=\"wp-page\" data-elementor-id=\"2237\" class=\"elementor elementor-2237 elementor-1867\" data-elementor-post-type=\"page\">\n\t\t\t\t<div class=\"elementor-element elementor-element-ca6d0b7 e-flex e-con-boxed e-con e-parent\" data-id=\"ca6d0b7\" data-element_type=\"container\" data-e-type=\"container\" data-settings=\"{&quot;background_background&quot;:&quot;classic&quot;}\">\n\t\t\t\t\t<div class=\"e-con-inner\">\n\t\t\t\t<div class=\"elementor-element elementor-element-9f6d9cd elementor-widget elementor-widget-text-editor\" data-id=\"9f6d9cd\" data-element_type=\"widget\" data-e-type=\"widget\" data-widget_type=\"text-editor.default\">\n\t\t\t\t\t\t\t\t\t<p>828 Hermosa Ave, Hermosa Beach, CA 90254<\/p>\t\t\t\t\t\t\t\t<\/div>\n\t\t\t\t<div class=\"elementor-element elementor-element-54fd373 elementor-widget elementor-widget-heading\" data-id=\"54fd373\" data-element_type=\"widget\" data-e-type=\"widget\" data-widget_type=\"heading.default\">\n\t\t\t\t\t<h2 class=\"elementor-heading-title elementor-size-default\">San Pedro Ausstellungsraum<\/h2>\t\t\t\t<\/div>\n\t\t\t\t<div class=\"elementor-element elementor-element-ae500bd elementor-widget elementor-widget-text-editor\" data-id=\"ae500bd\" data-element_type=\"widget\" data-e-type=\"widget\" data-widget_type=\"text-editor.default\">\n\t\t\t\t\t\t\t\t\tErleben Sie unsere E-Bikes aus erster Hand, entdecken Sie unser umfangreiches Zubeh\u00f6rsortiment und treten Sie mit unserem <br>kompetenten Team in Kontakt, das Sie gerne bei Ihrem E-Bike-Kauf ber\u00e4t. Sie k\u00f6nnen auch eines unserer Fahrr\u00e4der f\u00fcr eine Probefahrt mitnehmen<br> oder Ihr eigenes zur Reparatur bringen. Scrollen Sie nach unten, um Ihren Besuch zu buchen.  \t\t\t\t\t\t\t\t<\/div>\n\t\t\t\t\t<\/div>\n\t\t\t\t<\/div>\n\t\t<div class=\"elementor-element elementor-element-b7279b9 e-flex e-con-boxed e-con e-parent\" data-id=\"b7279b9\" data-element_type=\"container\" data-e-type=\"container\">\n\t\t\t\t\t<div class=\"e-con-inner\">\n\t\t<div class=\"elementor-element elementor-element-a58470d e-con-full e-flex e-con e-child\" data-id=\"a58470d\" data-element_type=\"container\" data-e-type=\"container\">\n\t\t\t\t<div class=\"elementor-element elementor-element-d5f16b5 elementor-widget elementor-widget-heading\" data-id=\"d5f16b5\" data-element_type=\"widget\" data-e-type=\"widget\" data-widget_type=\"heading.default\">\n\t\t\t\t\t<h2 class=\"elementor-heading-title elementor-size-default\">Probefahrt planen<\/h2>\t\t\t\t<\/div>\n\t\t\t\t<div class=\"elementor-element elementor-element-9823cdd elementor-widget elementor-widget-text-editor\" data-id=\"9823cdd\" data-element_type=\"widget\" data-e-type=\"widget\" data-widget_type=\"text-editor.default\">\n\t\t\t\t\t\t\t\t\t<p><strong>Buchen Sie noch heute Ihre Probefahrt mit dem besten Preis-Leistungs-E-Bike Europas. <br>Ape Ryder &#8211; seit 2020 Ihr E-Bike-Spezialist.<\/strong><\/p>\t\t\t\t\t\t\t\t<\/div>\n\t\t\t\t<div class=\"elementor-element elementor-element-47624df elementor-widget elementor-widget-button\" data-id=\"47624df\" data-element_type=\"widget\" data-e-type=\"widget\" data-widget_type=\"button.default\">\n\t\t\t\t\t\t\t\t\t\t<a class=\"elementor-button elementor-button-link elementor-size-sm\" href=\"#\">\n\t\t\t\t\t\t<span class=\"elementor-button-content-wrapper\">\n\t\t\t\t\t\t\t\t\t<span class=\"elementor-button-text\">Eine Testfahrt buchen<\/span>\n\t\t\t\t\t<\/span>\n\t\t\t\t\t<\/a>\n\t\t\t\t\t\t\t\t<\/div>\n\t\t\t\t<\/div>\n\t\t<div class=\"elementor-element elementor-element-a7672d6 e-con-full e-flex e-con e-child\" data-id=\"a7672d6\" data-element_type=\"container\" data-e-type=\"container\">\n\t\t\t\t<div class=\"elementor-element elementor-element-767bff0 elementor-widget elementor-widget-image\" data-id=\"767bff0\" data-element_type=\"widget\" data-e-type=\"widget\" data-widget_type=\"image.default\">\n\t\t\t\t\t\t\t\t\t\t\t\t\t\t\t<img fetchpriority=\"high\" decoding=\"async\" width=\"800\" height=\"533\" src=\"https:\/\/aperyder.nl\/wp-content\/uploads\/2025\/09\/DSC07184_1.webp\" class=\"attachment-large size-large wp-image-2239\" alt=\"\" srcset=\"https:\/\/aperyder.nl\/wp-content\/uploads\/2025\/09\/DSC07184_1.webp 800w, https:\/\/aperyder.nl\/wp-content\/uploads\/2025\/09\/DSC07184_1-300x200.webp 300w, https:\/\/aperyder.nl\/wp-content\/uploads\/2025\/09\/DSC07184_1-768x512.webp 768w\" sizes=\"(max-width: 800px) 100vw, 800px\" title=\"\">\t\t\t\t\t\t\t\t\t\t\t\t\t\t\t<\/div>\n\t\t\t\t<\/div>\n\t\t\t\t\t<\/div>\n\t\t\t\t<\/div>\n\t\t\t\t<\/div>\n\t\t","protected":false},"excerpt":{"rendered":"<p>828 Hermosa Ave, Hermosa Beach, CA 90254 San Pedro Ausstellungsraum Erleben Sie unsere E-Bikes aus erster Hand, entdecken Sie unser umfangreiches Zubeh\u00f6rsortiment und treten Sie mit unserem kompetenten Team in Kontakt, das Sie gerne bei Ihrem E-Bike-Kauf ber\u00e4t. Sie k\u00f6nnen auch eines unserer Fahrr\u00e4der f\u00fcr eine Probefahrt mitnehmen oder Ihr eigenes zur Reparatur bringen. Scrollen [&hellip;]<\/p>\n","protected":false},"author":1,"featured_media":0,"parent":0,"menu_order":0,"comment_status":"closed","ping_status":"closed","template":"elementor_header_footer","meta":{"footnotes":""},"class_list":["post-2237","page","type-page","status-publish","hentry"],"_links":{"self":[{"href":"https:\/\/aperyder.nl\/de\/wp-json\/wp\/v2\/pages\/2237","targetHints":{"allow":["GET"]}}],"collection":[{"href":"https:\/\/aperyder.nl\/de\/wp-json\/wp\/v2\/pages"}],"about":[{"href":"https:\/\/aperyder.nl\/de\/wp-json\/wp\/v2\/types\/page"}],"author":[{"embeddable":true,"href":"https:\/\/aperyder.nl\/de\/wp-json\/wp\/v2\/users\/1"}],"replies":[{"embeddable":true,"href":"https:\/\/aperyder.nl\/de\/wp-json\/wp\/v2\/comments?post=2237"}],"version-history":[{"count":1,"href":"https:\/\/aperyder.nl\/de\/wp-json\/wp\/v2\/pages\/2237\/revisions"}],"predecessor-version":[{"id":2242,"href":"https:\/\/aperyder.nl\/de\/wp-json\/wp\/v2\/pages\/2237\/revisions\/2242"}],"wp:attachment":[{"href":"https:\/\/aperyder.nl\/de\/wp-json\/wp\/v2\/media?parent=2237"}],"curies":[{"name":"wp","href":"https:\/\/api.w.org\/{rel}","templated":true}]}}