{"id":2234,"date":"2025-09-22T21:21:07","date_gmt":"2025-09-22T21:21:07","guid":{"rendered":"https:\/\/aperyder.nl\/a10-pro\/"},"modified":"2025-10-12T06:08:13","modified_gmt":"2025-10-12T06:08:13","slug":"a10-pro","status":"publish","type":"page","link":"https:\/\/aperyder.nl\/de\/a10-pro\/","title":{"rendered":"A10 Pro"},"content":{"rendered":"\t\t<div data-elementor-type=\"wp-page\" data-elementor-id=\"2234\" class=\"elementor elementor-2234 elementor-1665\" data-elementor-post-type=\"page\">\n\t\t\t\t<div class=\"elementor-element elementor-element-5123a69 e-flex e-con-boxed e-con e-parent\" data-id=\"5123a69\" data-element_type=\"container\" data-e-type=\"container\" data-settings=\"{&quot;background_background&quot;:&quot;classic&quot;}\">\n\t\t\t\t\t<div class=\"e-con-inner\">\n\t\t\t\t<div class=\"elementor-element elementor-element-7fa02f2 elementor-widget elementor-widget-heading\" data-id=\"7fa02f2\" data-element_type=\"widget\" data-e-type=\"widget\" data-widget_type=\"heading.default\">\n\t\t\t\t\t<h2 class=\"elementor-heading-title elementor-size-default\">A10 Pro<\/h2>\t\t\t\t<\/div>\n\t\t\t\t<div class=\"elementor-element elementor-element-181b706 elementor-widget elementor-widget-text-editor\" data-id=\"181b706\" data-element_type=\"widget\" data-e-type=\"widget\" data-widget_type=\"text-editor.default\">\n\t\t\t\t\t\t\t\t\tWir pr\u00e4sentieren das A10 Pro City E-Bike: Ihr perfekter Begleiter f\u00fcr den st\u00e4dtischen Pendelverkehr und lange Strecken!<br>Dieses\nleichte E-Bike wurde f\u00fcr alle entwickelt, die Komfort und Effizienz suchen, ohne auf Leistung zu verzichten.<br>Ausgestattet mit einem robusten 36-V-Akku kann das A10 Pro m\u00fchelos bis zu 64 Kilometer mit einer einzigen Ladung fahren,<br>was es ideal f\u00fcr den t\u00e4glichen Arbeitsweg und Wochenendausfl\u00fcge macht.\t\t\t\t\t\t\t\t<\/div>\n\t\t\t\t\t<\/div>\n\t\t\t\t<\/div>\n\t\t<div class=\"elementor-element elementor-element-89a07d1 e-flex e-con-boxed e-con e-parent\" data-id=\"89a07d1\" data-element_type=\"container\" data-e-type=\"container\">\n\t\t\t\t\t<div class=\"e-con-inner\">\n\t\t\t\t<div class=\"elementor-element elementor-element-7472742 elementor-widget elementor-widget-progression-projects-post-list\" data-id=\"7472742\" data-element_type=\"widget\" data-e-type=\"widget\" data-widget_type=\"progression-projects-post-list.default\">\n\t\t\t\t<div class=\"elementor-widget-container\">\n\t\t\t\t\t\t\n\n\t\n\t<div class=\"progression-studios-elementor-video-post-container\">\n        \n        \n\t\t        \n        \n        \n\t\t<div class=\"progression-masonry-margins\">\n\t\t\t<div id=\"progression-video-index-masonry-7472742\">\n\t\t\t\t\t\t\t<\/div><!-- close #progression-video-index-masonry-7472742  -->\n\t\t<\/div><!-- close .progression-masonry-margins -->\n        \n\t\t<div class=\"clearfix-pro\"><\/div>\n\t\t\n\t\t\t\t\n\t\t\t\t<div class=\"shuma-progression-pagination-elementor\">\n\t\t\t\t\t\t\t\t\t<\/div>\n                \n                \n                \n    \t<div class=\"clearfix-pro\"><\/div>\n\t\t\n\t<\/div><!-- close .progression-studios-elementor-video-post-container -->\n\t\n    \n\t<script type=\"text\/javascript\">\n\tjQuery(document).ready(function($) {\n\t\t'use strict';\n\t\t\n\t\t\/* Default Isotope Load Code *\/\n\t\tvar $container7472742 = $(\"#progression-video-index-masonry-7472742\").isotope();\n\t\t$container7472742.imagesLoaded( function() {\n\t\t\t$(\".progression-masonry-item\").addClass(\"opacity-progression\");\n\t\t\t$container7472742.isotope({\n\t\t\t\titemSelector: \"#progression-video-index-masonry-7472742 .progression-masonry-item\",\t\t\t\t\n\t\t\t\tpercentPosition: true,\n\t\t\t\tlayoutMode: \"fitRows\" \n\t \t\t});\n\t\t});\n\t\t\/* END Default Isotope Code *\/\n\t\t\n\n\t\t\n\t\t\n\t});\n\t<\/script>\n    \n\t\n\n\t\t\n\n    \t\t\t\t\t<\/div>\n\t\t\t\t<\/div>\n\t\t\t\t\t<\/div>\n\t\t\t\t<\/div>\n\t\t\t\t<\/div>\n\t\t","protected":false},"excerpt":{"rendered":"<p>A10 Pro Wir pr\u00e4sentieren das A10 Pro City E-Bike: Ihr perfekter Begleiter f\u00fcr den st\u00e4dtischen Pendelverkehr und lange Strecken!Dieses leichte E-Bike wurde f\u00fcr alle entwickelt, die Komfort und Effizienz suchen, ohne auf Leistung zu verzichten.Ausgestattet mit einem robusten 36-V-Akku kann das A10 Pro m\u00fchelos bis zu 64 Kilometer mit einer einzigen Ladung fahren,was es ideal [&hellip;]<\/p>\n","protected":false},"author":1,"featured_media":0,"parent":0,"menu_order":0,"comment_status":"closed","ping_status":"closed","template":"elementor_header_footer","meta":{"footnotes":""},"class_list":["post-2234","page","type-page","status-publish","hentry"],"_links":{"self":[{"href":"https:\/\/aperyder.nl\/de\/wp-json\/wp\/v2\/pages\/2234","targetHints":{"allow":["GET"]}}],"collection":[{"href":"https:\/\/aperyder.nl\/de\/wp-json\/wp\/v2\/pages"}],"about":[{"href":"https:\/\/aperyder.nl\/de\/wp-json\/wp\/v2\/types\/page"}],"author":[{"embeddable":true,"href":"https:\/\/aperyder.nl\/de\/wp-json\/wp\/v2\/users\/1"}],"replies":[{"embeddable":true,"href":"https:\/\/aperyder.nl\/de\/wp-json\/wp\/v2\/comments?post=2234"}],"version-history":[{"count":1,"href":"https:\/\/aperyder.nl\/de\/wp-json\/wp\/v2\/pages\/2234\/revisions"}],"predecessor-version":[{"id":2240,"href":"https:\/\/aperyder.nl\/de\/wp-json\/wp\/v2\/pages\/2234\/revisions\/2240"}],"wp:attachment":[{"href":"https:\/\/aperyder.nl\/de\/wp-json\/wp\/v2\/media?parent=2234"}],"curies":[{"name":"wp","href":"https:\/\/api.w.org\/{rel}","templated":true}]}}