{"id":2165,"date":"2025-09-22T21:13:06","date_gmt":"2025-09-22T21:13:06","guid":{"rendered":"https:\/\/aperyder.nl\/pavian\/"},"modified":"2025-09-23T13:55:24","modified_gmt":"2025-09-23T13:55:24","slug":"pavian","status":"publish","type":"page","link":"https:\/\/aperyder.nl\/de\/pavian\/","title":{"rendered":"Pavian"},"content":{"rendered":"\t\t<div data-elementor-type=\"wp-page\" data-elementor-id=\"2165\" class=\"elementor elementor-2165 elementor-1655\" data-elementor-post-type=\"page\">\n\t\t\t\t<div class=\"elementor-element elementor-element-1d9fc09 e-flex e-con-boxed e-con e-parent\" data-id=\"1d9fc09\" data-element_type=\"container\" data-e-type=\"container\" data-settings=\"{&quot;background_background&quot;:&quot;classic&quot;}\">\n\t\t\t\t\t<div class=\"e-con-inner\">\n\t\t\t\t<div class=\"elementor-element elementor-element-b442012 elementor-widget elementor-widget-heading\" data-id=\"b442012\" data-element_type=\"widget\" data-e-type=\"widget\" data-widget_type=\"heading.default\">\n\t\t\t\t\t<h2 class=\"elementor-heading-title elementor-size-default\">Pavian<\/h2>\t\t\t\t<\/div>\n\t\t\t\t<div class=\"elementor-element elementor-element-95152c7 elementor-widget elementor-widget-text-editor\" data-id=\"95152c7\" data-element_type=\"widget\" data-e-type=\"widget\" data-widget_type=\"text-editor.default\">\n\t\t\t\t\t\t\t\t\tMach dich bereit f\u00fcr ein unvergessliches Abenteuer mit Ape Ryders brandneuer All-Terrain-E-Bike-Serie: dem Baboon!<br>Der Baboon wurde sowohl f\u00fcr Nervenkitzel-Suchende als auch f\u00fcr Naturliebhaber entwickelt und kombiniert robuste Haltbarkeit mit fortschrittlicher\nTechnologie.<br> Egal, ob du steile Bergpfade bezwingst, an Sandstr\u00e4nden entlang cruist oder\ndurch die Stadt navigierst, dieses vielseitige E-Bike ist daf\u00fcr gebaut, alles zu bew\u00e4ltigen.<br> Mit seinem leistungsstarken Motor und seinen robusten Eigenschaften\nverspricht der Baboon, deine Outdoor-Erlebnisse auf ein neues Level zu heben<br> und dich zu Orten zu bringen, von denen du immer getr\u00e4umt hast.\t\t\t\t\t\t\t\t<\/div>\n\t\t\t\t\t<\/div>\n\t\t\t\t<\/div>\n\t\t<div class=\"elementor-element elementor-element-e3c8e38 e-flex e-con-boxed e-con e-parent\" data-id=\"e3c8e38\" data-element_type=\"container\" data-e-type=\"container\">\n\t\t\t\t\t<div class=\"e-con-inner\">\n\t\t\t\t<div class=\"elementor-element elementor-element-0667a20 elementor-widget elementor-widget-progression-projects-post-list\" data-id=\"0667a20\" data-element_type=\"widget\" data-e-type=\"widget\" data-widget_type=\"progression-projects-post-list.default\">\n\t\t\t\t<div class=\"elementor-widget-container\">\n\t\t\t\t\t\t\n\n\t\n\t<div class=\"progression-studios-elementor-video-post-container\">\n        \n        \n\t\t        \n        \n        \n\t\t<div class=\"progression-masonry-margins\">\n\t\t\t<div id=\"progression-video-index-masonry-0667a20\">\n\t\t\t\t\t\t\t<\/div><!-- close #progression-video-index-masonry-0667a20  -->\n\t\t<\/div><!-- close .progression-masonry-margins -->\n        \n\t\t<div class=\"clearfix-pro\"><\/div>\n\t\t\n\t\t\t\t\n\t\t\t\t<div class=\"shuma-progression-pagination-elementor\">\n\t\t\t\t\t\t\t\t\t<\/div>\n                \n                \n                \n    \t<div class=\"clearfix-pro\"><\/div>\n\t\t\n\t<\/div><!-- close .progression-studios-elementor-video-post-container -->\n\t\n    \n\t<script type=\"text\/javascript\">\n\tjQuery(document).ready(function($) {\n\t\t'use strict';\n\t\t\n\t\t\/* Default Isotope Load Code *\/\n\t\tvar $container0667a20 = $(\"#progression-video-index-masonry-0667a20\").isotope();\n\t\t$container0667a20.imagesLoaded( function() {\n\t\t\t$(\".progression-masonry-item\").addClass(\"opacity-progression\");\n\t\t\t$container0667a20.isotope({\n\t\t\t\titemSelector: \"#progression-video-index-masonry-0667a20 .progression-masonry-item\",\t\t\t\t\n\t\t\t\tpercentPosition: true,\n\t\t\t\tlayoutMode: \"fitRows\" \n\t \t\t});\n\t\t});\n\t\t\/* END Default Isotope Code *\/\n\t\t\n\n\t\t\n\t\t\n\t});\n\t<\/script>\n    \n\t\n\n\t\t\n\n    \t\t\t\t\t<\/div>\n\t\t\t\t<\/div>\n\t\t\t\t\t<\/div>\n\t\t\t\t<\/div>\n\t\t\t\t<\/div>\n\t\t","protected":false},"excerpt":{"rendered":"<p>Pavian Mach dich bereit f\u00fcr ein unvergessliches Abenteuer mit Ape Ryders brandneuer All-Terrain-E-Bike-Serie: dem Baboon!Der Baboon wurde sowohl f\u00fcr Nervenkitzel-Suchende als auch f\u00fcr Naturliebhaber entwickelt und kombiniert robuste Haltbarkeit mit fortschrittlicher Technologie. Egal, ob du steile Bergpfade bezwingst, an Sandstr\u00e4nden entlang cruist oder durch die Stadt navigierst, dieses vielseitige E-Bike ist daf\u00fcr gebaut, alles zu [&hellip;]<\/p>\n","protected":false},"author":1,"featured_media":0,"parent":0,"menu_order":0,"comment_status":"closed","ping_status":"closed","template":"elementor_header_footer","meta":{"footnotes":""},"class_list":["post-2165","page","type-page","status-publish","hentry"],"_links":{"self":[{"href":"https:\/\/aperyder.nl\/de\/wp-json\/wp\/v2\/pages\/2165","targetHints":{"allow":["GET"]}}],"collection":[{"href":"https:\/\/aperyder.nl\/de\/wp-json\/wp\/v2\/pages"}],"about":[{"href":"https:\/\/aperyder.nl\/de\/wp-json\/wp\/v2\/types\/page"}],"author":[{"embeddable":true,"href":"https:\/\/aperyder.nl\/de\/wp-json\/wp\/v2\/users\/1"}],"replies":[{"embeddable":true,"href":"https:\/\/aperyder.nl\/de\/wp-json\/wp\/v2\/comments?post=2165"}],"version-history":[{"count":1,"href":"https:\/\/aperyder.nl\/de\/wp-json\/wp\/v2\/pages\/2165\/revisions"}],"predecessor-version":[{"id":2169,"href":"https:\/\/aperyder.nl\/de\/wp-json\/wp\/v2\/pages\/2165\/revisions\/2169"}],"wp:attachment":[{"href":"https:\/\/aperyder.nl\/de\/wp-json\/wp\/v2\/media?parent=2165"}],"curies":[{"name":"wp","href":"https:\/\/api.w.org\/{rel}","templated":true}]}}